{"id":947,"date":"2024-06-26T06:48:16","date_gmt":"2024-06-26T03:48:16","guid":{"rendered":"https:\/\/statbun.com\/subscribe-to-the-newsletter\/"},"modified":"2026-02-23T09:02:55","modified_gmt":"2026-02-23T07:02:55","slug":"subscribe-to-the-newsletter","status":"publish","type":"page","link":"https:\/\/statbun.com\/en\/subscribe-to-the-newsletter\/","title":{"rendered":"Subscribe to the newsletter"},"content":{"rendered":"<style>.kb-row-layout-id947_20ac30-4f > .kt-row-column-wrap{align-content:start;}:where(.kb-row-layout-id947_20ac30-4f > .kt-row-column-wrap) > .wp-block-kadence-column{justify-content:start;}.kb-row-layout-id947_20ac30-4f > .kt-row-column-wrap{column-gap:var(--global-kb-gap-lg, 4rem);row-gap:var(--global-kb-gap-md, 2rem);max-width:var( --global-content-width, 1500px );padding-left:var(--global-content-edge-padding);padding-right:var(--global-content-edge-padding);padding-top:var(--global-kb-spacing-5xl, 10rem);padding-bottom:var(--global-kb-spacing-4xl, 8rem);min-height:572px;grid-template-columns:repeat(2, minmax(0, 1fr));}.kb-row-layout-id947_20ac30-4f > .kt-row-layout-overlay{opacity:0.30;}@media all and (max-width: 1024px){.kb-row-layout-id947_20ac30-4f > .kt-row-column-wrap{grid-template-columns:repeat(2, minmax(0, 1fr));}}@media all and (max-width: 767px){.kb-row-layout-id947_20ac30-4f > .kt-row-column-wrap{grid-template-columns:minmax(0, 1fr);}}<\/style><div class=\"kb-row-layout-wrap kb-row-layout-id947_20ac30-4f alignfull has-theme-palette9-background-color kt-row-has-bg wp-block-kadence-rowlayout\"><div class=\"kt-row-column-wrap kt-has-2-columns kt-row-layout-equal kt-tab-layout-inherit kt-mobile-layout-row kt-row-valign-top kt-inner-column-height-full kb-theme-content-width\">\n<style>.kadence-column947_80a0b2-92 > .kt-inside-inner-col{display:flex;}.kadence-column947_80a0b2-92 > .kt-inside-inner-col{padding-top:var(--global-kb-spacing-md, 2rem);padding-right:var(--global-kb-spacing-md, 2rem);padding-bottom:var(--global-kb-spacing-md, 2rem);padding-left:var(--global-kb-spacing-md, 2rem);}.kadence-column947_80a0b2-92 > .kt-inside-inner-col,.kadence-column947_80a0b2-92 > .kt-inside-inner-col:before{border-top-left-radius:30px;border-top-right-radius:30px;border-bottom-right-radius:30px;border-bottom-left-radius:30px;}.kadence-column947_80a0b2-92 > .kt-inside-inner-col{column-gap:10px;}.kadence-column947_80a0b2-92 > .kt-inside-inner-col{flex-direction:column;justify-content:center;}.kadence-column947_80a0b2-92 > .kt-inside-inner-col > .aligncenter{width:100%;}.kt-row-column-wrap > .kadence-column947_80a0b2-92{align-self:center;}.kt-inner-column-height-full:not(.kt-has-1-columns) > .wp-block-kadence-column.kadence-column947_80a0b2-92{align-self:auto;}.kt-inner-column-height-full:not(.kt-has-1-columns) > .wp-block-kadence-column.kadence-column947_80a0b2-92 > .kt-inside-inner-col{flex-direction:column;justify-content:center;}.kadence-column947_80a0b2-92 > .kt-inside-inner-col{background-color:#f8f9fc;}.kadence-column947_80a0b2-92 > .kt-inside-inner-col:before{opacity:0.3;}.kadence-column947_80a0b2-92{text-align:center;}.kadence-column947_80a0b2-92{position:relative;}.kadence-column947_80a0b2-92, .kt-inside-inner-col > .kadence-column947_80a0b2-92:not(.specificity){margin-right:0px;}@media all and (max-width: 1024px){.kt-row-column-wrap > .kadence-column947_80a0b2-92{align-self:center;}}@media all and (max-width: 1024px){.kt-inner-column-height-full:not(.kt-has-1-columns) > .wp-block-kadence-column.kadence-column947_80a0b2-92{align-self:auto;}}@media all and (max-width: 1024px){.kt-inner-column-height-full:not(.kt-has-1-columns) > .wp-block-kadence-column.kadence-column947_80a0b2-92 > .kt-inside-inner-col{flex-direction:column;justify-content:center;}}@media all and (max-width: 1024px){.kadence-column947_80a0b2-92 > .kt-inside-inner-col{flex-direction:column;justify-content:center;}}@media all and (max-width: 767px){.kadence-column947_80a0b2-92 > .kt-inside-inner-col{padding-top:var(--global-kb-spacing-xl, 4rem);padding-bottom:var(--global-kb-spacing-xl, 4rem);flex-direction:column;justify-content:center;}.kt-row-column-wrap > .kadence-column947_80a0b2-92{align-self:center;}.kt-inner-column-height-full:not(.kt-has-1-columns) > .wp-block-kadence-column.kadence-column947_80a0b2-92{align-self:auto;}.kt-inner-column-height-full:not(.kt-has-1-columns) > .wp-block-kadence-column.kadence-column947_80a0b2-92 > .kt-inside-inner-col{flex-direction:column;justify-content:center;}}<\/style>\n<div class=\"wp-block-kadence-column kadence-column947_80a0b2-92 kb-section-dir-vertical\"><div class=\"kt-inside-inner-col\">\n<div style=\"height:30px\" aria-hidden=\"true\" class=\"wp-block-spacer\"><\/div>\n\n\n<style>.kb-image947_86a84f-8b.kb-image-is-ratio-size, .kb-image947_86a84f-8b .kb-image-is-ratio-size{max-width:167px;width:100%;}.wp-block-kadence-column > .kt-inside-inner-col > .kb-image947_86a84f-8b.kb-image-is-ratio-size, .wp-block-kadence-column > .kt-inside-inner-col > .kb-image947_86a84f-8b .kb-image-is-ratio-size{align-self:unset;}.kb-image947_86a84f-8b figure{max-width:167px;}.kb-image947_86a84f-8b .image-is-svg, .kb-image947_86a84f-8b .image-is-svg img{width:100%;}.kb-image947_86a84f-8b:not(.kb-image-is-ratio-size) .kb-img, .kb-image947_86a84f-8b.kb-image-is-ratio-size{padding-bottom:var(--global-kb-spacing-xs, 1rem);}.kb-image947_86a84f-8b .kb-image-has-overlay:after{opacity:0.3;}.kb-image947_86a84f-8b img.kb-img, .kb-image947_86a84f-8b .kb-img img{background-color:#f8f9fc;}<\/style>\n<div class=\"wp-block-kadence-image kb-image947_86a84f-8b\"><figure class=\"aligncenter size-full\"><img loading=\"lazy\" decoding=\"async\" width=\"291\" height=\"301\" src=\"https:\/\/statbun.com\/wp-content\/uploads\/2024\/06\/statbun.7f537881-1.gif\" alt=\"\" class=\"kb-img wp-image-109\"\/><\/figure><\/div>\n\n\n<style>.wp-block-kadence-advancedheading.kt-adv-heading947_d74d74-f3, .wp-block-kadence-advancedheading.kt-adv-heading947_d74d74-f3[data-kb-block=\"kb-adv-heading947_d74d74-f3\"]{margin-top:0px;margin-bottom:var(--global-kb-spacing-sm, 1.5rem);text-align:center;font-size:45px;line-height:1.3;font-weight:500;font-style:normal;font-family:Poppins;}.wp-block-kadence-advancedheading.kt-adv-heading947_d74d74-f3 mark.kt-highlight, .wp-block-kadence-advancedheading.kt-adv-heading947_d74d74-f3[data-kb-block=\"kb-adv-heading947_d74d74-f3\"] mark.kt-highlight{font-style:normal;color:#f76a0c;border-top:1px solid transparent;border-right:1px solid transparent;border-bottom:1px solid transparent;border-left:1px solid transparent;-webkit-box-decoration-break:clone;box-decoration-break:clone;padding-top:0px;padding-right:0px;padding-bottom:0px;padding-left:0px;}.wp-block-kadence-advancedheading.kt-adv-heading947_d74d74-f3 img.kb-inline-image, .wp-block-kadence-advancedheading.kt-adv-heading947_d74d74-f3[data-kb-block=\"kb-adv-heading947_d74d74-f3\"] img.kb-inline-image{width:150px;vertical-align:baseline;}.wp-block-kadence-advancedheading.kt-adv-heading947_d74d74-f3[data-kb-block=\"kb-adv-heading947_d74d74-f3\"] a, .kt-adv-heading-link947_d74d74-f3, .kt-adv-heading-link947_d74d74-f3 .kt-adv-heading947_d74d74-f3[data-kb-block=\"kb-adv-heading947_d74d74-f3\"]{color:var(--global-palette2, #2B6CB0);}.wp-block-kadence-advancedheading.kt-adv-heading947_d74d74-f3[data-kb-block=\"kb-adv-heading947_d74d74-f3\"] a, a.kb-advanced-heading-link.kt-adv-heading-link947_d74d74-f3{text-decoration:none;}@media all and (max-width: 1024px){.wp-block-kadence-advancedheading.kt-adv-heading947_d74d74-f3, .wp-block-kadence-advancedheading.kt-adv-heading947_d74d74-f3[data-kb-block=\"kb-adv-heading947_d74d74-f3\"]{font-size:var(--global-kb-font-size-xl, 3rem);line-height:1.4;}}@media all and (max-width: 1024px){.wp-block-kadence-advancedheading.kt-adv-heading947_d74d74-f3 mark.kt-highlight, .wp-block-kadence-advancedheading.kt-adv-heading947_d74d74-f3[data-kb-block=\"kb-adv-heading947_d74d74-f3\"] mark.kt-highlight{border-top:1px solid transparent;border-right:1px solid transparent;border-bottom:1px solid transparent;border-left:1px solid transparent;}}@media all and (max-width: 767px){.wp-block-kadence-advancedheading.kt-adv-heading947_d74d74-f3, .wp-block-kadence-advancedheading.kt-adv-heading947_d74d74-f3[data-kb-block=\"kb-adv-heading947_d74d74-f3\"]{font-size:var(--global-kb-font-size-xl, 3rem);line-height:1.4;}.wp-block-kadence-advancedheading.kt-adv-heading947_d74d74-f3 mark.kt-highlight, .wp-block-kadence-advancedheading.kt-adv-heading947_d74d74-f3[data-kb-block=\"kb-adv-heading947_d74d74-f3\"] mark.kt-highlight{border-top:1px solid transparent;border-right:1px solid transparent;border-bottom:1px solid transparent;border-left:1px solid transparent;}}<\/style>\n<h2 class=\"kt-adv-heading947_d74d74-f3 wp-block-kadence-advancedheading has-theme-palette-1-color has-text-color hls-none\" data-kb-block=\"kb-adv-heading947_d74d74-f3\">Be the first to know<\/h2>\n\n\n\n<div style=\"height:21px\" aria-hidden=\"true\" class=\"wp-block-spacer\"><\/div>\n\n\n<style>.wp-block-kadence-advancedheading.kt-adv-heading947_76f7a4-6a, .wp-block-kadence-advancedheading.kt-adv-heading947_76f7a4-6a[data-kb-block=\"kb-adv-heading947_76f7a4-6a\"]{padding-right:var(--global-kb-spacing-lg, 3rem);padding-left:var(--global-kb-spacing-lg, 3rem);font-weight:400;font-style:normal;font-family:Poppins;}.wp-block-kadence-advancedheading.kt-adv-heading947_76f7a4-6a mark.kt-highlight, .wp-block-kadence-advancedheading.kt-adv-heading947_76f7a4-6a[data-kb-block=\"kb-adv-heading947_76f7a4-6a\"] mark.kt-highlight{font-style:normal;color:#f76a0c;-webkit-box-decoration-break:clone;box-decoration-break:clone;padding-top:0px;padding-right:0px;padding-bottom:0px;padding-left:0px;}.wp-block-kadence-advancedheading.kt-adv-heading947_76f7a4-6a img.kb-inline-image, .wp-block-kadence-advancedheading.kt-adv-heading947_76f7a4-6a[data-kb-block=\"kb-adv-heading947_76f7a4-6a\"] img.kb-inline-image{width:150px;vertical-align:baseline;}<\/style>\n<p class=\"kt-adv-heading947_76f7a4-6a wp-block-kadence-advancedheading\" data-kb-block=\"kb-adv-heading947_76f7a4-6a\">Our newsletter brings the latest product news to your inbox.\nWe won&#8217;t fill your inbox with junk mail. <\/p>\n\n\n\n<div style=\"height:54px\" aria-hidden=\"true\" class=\"wp-block-spacer\"><\/div>\n\n\n<style>.wp-block-kadence-spacer.kt-block-spacer-947_6e5b6b-67 .kt-block-spacer{height:51px;}.wp-block-kadence-spacer.kt-block-spacer-947_6e5b6b-67 .kt-divider{border-top-width:1px;height:1px;border-top-color:#eee;width:80%;border-top-style:solid;}<\/style>\n<div class=\"wp-block-kadence-spacer aligncenter kt-block-spacer-947_6e5b6b-67 kvs-lg-false\"><div class=\"kt-block-spacer kt-block-spacer-halign-center\"><\/div><\/div>\n<\/div><\/div>\n\n\n<style>.kadence-column947_d2f2b1-30 > .kt-inside-inner-col{display:flex;}.kadence-column947_d2f2b1-30 > .kt-inside-inner-col,.kadence-column947_d2f2b1-30 > .kt-inside-inner-col:before{border-top-left-radius:24px;border-top-right-radius:24px;border-bottom-right-radius:24px;border-bottom-left-radius:24px;}.kadence-column947_d2f2b1-30 > .kt-inside-inner-col{column-gap:var(--global-kb-gap-sm, 1rem);}.kadence-column947_d2f2b1-30 > .kt-inside-inner-col{flex-direction:column;justify-content:center;}.kadence-column947_d2f2b1-30 > .kt-inside-inner-col > .aligncenter{width:100%;}.kt-row-column-wrap > .kadence-column947_d2f2b1-30{align-self:center;}.kt-inner-column-height-full:not(.kt-has-1-columns) > .wp-block-kadence-column.kadence-column947_d2f2b1-30{align-self:auto;}.kt-inner-column-height-full:not(.kt-has-1-columns) > .wp-block-kadence-column.kadence-column947_d2f2b1-30 > .kt-inside-inner-col{flex-direction:column;justify-content:center;}.kadence-column947_d2f2b1-30 > .kt-inside-inner-col:before{opacity:0.3;}.kadence-column947_d2f2b1-30{position:relative;}.kadence-column947_d2f2b1-30, .kt-inside-inner-col > .kadence-column947_d2f2b1-30:not(.specificity){margin-top:var(--global-kb-spacing-lg, 3rem);margin-right:var(--global-kb-spacing-xl, 4rem);margin-left:var(--global-kb-spacing-md, 2rem);}@media all and (max-width: 1024px){.kt-row-column-wrap > .kadence-column947_d2f2b1-30{align-self:center;}}@media all and (max-width: 1024px){.kt-inner-column-height-full:not(.kt-has-1-columns) > .wp-block-kadence-column.kadence-column947_d2f2b1-30{align-self:auto;}}@media all and (max-width: 1024px){.kt-inner-column-height-full:not(.kt-has-1-columns) > .wp-block-kadence-column.kadence-column947_d2f2b1-30 > .kt-inside-inner-col{flex-direction:column;justify-content:center;}}@media all and (max-width: 1024px){.kadence-column947_d2f2b1-30 > .kt-inside-inner-col{flex-direction:column;justify-content:center;}}@media all and (max-width: 767px){.kt-row-column-wrap > .kadence-column947_d2f2b1-30{align-self:center;}.kt-inner-column-height-full:not(.kt-has-1-columns) > .wp-block-kadence-column.kadence-column947_d2f2b1-30{align-self:auto;}.kt-inner-column-height-full:not(.kt-has-1-columns) > .wp-block-kadence-column.kadence-column947_d2f2b1-30 > .kt-inside-inner-col{flex-direction:column;justify-content:center;}.kadence-column947_d2f2b1-30 > .kt-inside-inner-col{flex-direction:column;justify-content:center;}}.kadence-column947_d2f2b1-30 {min-height: 300px!important;}<\/style>\n<div class=\"wp-block-kadence-column kadence-column947_d2f2b1-30 inner-column-2\"><div class=\"kt-inside-inner-col\"><style>.wp-block-kadence-advancedheading.kt-adv-heading947_62d73e-7a, .wp-block-kadence-advancedheading.kt-adv-heading947_62d73e-7a[data-kb-block=\"kb-adv-heading947_62d73e-7a\"]{font-size:30px;font-weight:500;font-style:normal;font-family:Poppins;}.wp-block-kadence-advancedheading.kt-adv-heading947_62d73e-7a mark.kt-highlight, .wp-block-kadence-advancedheading.kt-adv-heading947_62d73e-7a[data-kb-block=\"kb-adv-heading947_62d73e-7a\"] mark.kt-highlight{font-style:normal;color:#f76a0c;-webkit-box-decoration-break:clone;box-decoration-break:clone;padding-top:0px;padding-right:0px;padding-bottom:0px;padding-left:0px;}.wp-block-kadence-advancedheading.kt-adv-heading947_62d73e-7a img.kb-inline-image, .wp-block-kadence-advancedheading.kt-adv-heading947_62d73e-7a[data-kb-block=\"kb-adv-heading947_62d73e-7a\"] img.kb-inline-image{width:150px;vertical-align:baseline;}<\/style>\n<h2 class=\"kt-adv-heading947_62d73e-7a wp-block-kadence-advancedheading has-theme-palette-1-color has-text-color\" data-kb-block=\"kb-adv-heading947_62d73e-7a\">Subscribe to the StatBun newsletter<\/h2>\n\n\n\n<script charset=\"utf-8\" type=\"text\/javascript\" src=\"\/\/js.hsforms.net\/forms\/embed\/v2.js\"><\/script><script>hbspt.forms.create({\n    region: \"na1\",\n    portalId: \"7606396\",\n    formId: \"f829811f-524e-48bc-bc21-3735572c6633\"\n  });\n<\/script>\n<\/div><\/div>\n\n<\/div><\/div>\n\n<style>.kadence-column947_a2dad8-78 > .kt-inside-inner-col,.kadence-column947_a2dad8-78 > .kt-inside-inner-col:before{border-top-left-radius:0px;border-top-right-radius:0px;border-bottom-right-radius:0px;border-bottom-left-radius:0px;}.kadence-column947_a2dad8-78 > .kt-inside-inner-col{column-gap:var(--global-kb-gap-sm, 1rem);}.kadence-column947_a2dad8-78 > .kt-inside-inner-col{flex-direction:column;}.kadence-column947_a2dad8-78 > .kt-inside-inner-col > .aligncenter{width:100%;}.kadence-column947_a2dad8-78 > .kt-inside-inner-col:before{opacity:0.3;}.kadence-column947_a2dad8-78{position:relative;}@media all and (max-width: 1024px){.kadence-column947_a2dad8-78 > .kt-inside-inner-col{flex-direction:column;justify-content:center;}}@media all and (max-width: 767px){.kadence-column947_a2dad8-78 > .kt-inside-inner-col{flex-direction:column;justify-content:center;}}<\/style>\n<div class=\"wp-block-kadence-column kadence-column947_a2dad8-78 kvs-sm-false\"><div class=\"kt-inside-inner-col\"><style>.kadence-column947_5d1b42-0d > .kt-inside-inner-col,.kadence-column947_5d1b42-0d > .kt-inside-inner-col:before{border-top-left-radius:0px;border-top-right-radius:0px;border-bottom-right-radius:0px;border-bottom-left-radius:0px;}.kadence-column947_5d1b42-0d > .kt-inside-inner-col{column-gap:var(--global-kb-gap-sm, 1rem);}.kadence-column947_5d1b42-0d > .kt-inside-inner-col{flex-direction:column;}.kadence-column947_5d1b42-0d > .kt-inside-inner-col > .aligncenter{width:100%;}.kadence-column947_5d1b42-0d > .kt-inside-inner-col:before{opacity:0.3;}.kadence-column947_5d1b42-0d{position:relative;}@media all and (max-width: 1024px){.kadence-column947_5d1b42-0d > .kt-inside-inner-col{flex-direction:column;justify-content:center;}}@media all and (max-width: 767px){.kadence-column947_5d1b42-0d > .kt-inside-inner-col{flex-direction:column;justify-content:center;}}<\/style>\n<div class=\"wp-block-kadence-column kadence-column947_5d1b42-0d\"><div class=\"kt-inside-inner-col\"><\/div><\/div>\n<\/div><\/div>\n","protected":false},"excerpt":{"rendered":"<p>Be the first to know Our newsletter brings the latest product news to your inbox. We won&#8217;t fill your inbox with junk mail. Subscribe to the StatBun newsletter<\/p>\n","protected":false},"author":1,"featured_media":0,"parent":0,"menu_order":0,"comment_status":"closed","ping_status":"closed","template":"","meta":{"content-type":"","_kad_blocks_custom_css":"","_kad_blocks_head_custom_js":"","_kad_blocks_body_custom_js":"","_kad_blocks_footer_custom_js":"","_kadence_starter_templates_imported_post":false,"_kad_post_transparent":"default","_kad_post_title":"hide","_kad_post_layout":"fullwidth","_kad_post_sidebar_id":"","_kad_post_content_style":"unboxed","_kad_post_vertical_padding":"","_kad_post_feature":"default","_kad_post_feature_position":"","_kad_post_header":false,"_kad_post_footer":false,"_kad_post_classname":"","footnotes":""},"class_list":["post-947","page","type-page","status-publish","hentry"],"yoast_head":"<!-- This site is optimized with the Yoast SEO Premium plugin v27.3 (Yoast SEO v27.3) - https:\/\/yoast.com\/product\/yoast-seo-premium-wordpress\/ -->\n<title>Subscribe to the newsletter - StatBun<\/title>\n<meta name=\"robots\" content=\"index, follow, max-snippet:-1, max-image-preview:large, max-video-preview:-1\" \/>\n<link rel=\"canonical\" href=\"https:\/\/statbun.com\/en\/subscribe-to-the-newsletter\/\" \/>\n<meta property=\"og:locale\" content=\"en_US\" \/>\n<meta property=\"og:type\" content=\"article\" \/>\n<meta property=\"og:title\" content=\"Subscribe to the newsletter\" \/>\n<meta property=\"og:description\" content=\"Be the first to know Our newsletter brings the latest product news to your inbox. We won&#8217;t fill your inbox with junk mail. Subscribe to the StatBun newsletter\" \/>\n<meta property=\"og:url\" content=\"https:\/\/statbun.com\/en\/subscribe-to-the-newsletter\/\" \/>\n<meta property=\"og:site_name\" content=\"StatBun\" \/>\n<meta property=\"article:publisher\" content=\"https:\/\/www.facebook.com\/statbuncom\/\" \/>\n<meta property=\"article:modified_time\" content=\"2026-02-23T07:02:55+00:00\" \/>\n<meta property=\"og:image\" content=\"https:\/\/statbun.com\/wp-content\/uploads\/2024\/06\/statbun.7f537881-1.gif\" \/>\n\t<meta property=\"og:image:width\" content=\"291\" \/>\n\t<meta property=\"og:image:height\" content=\"301\" \/>\n\t<meta property=\"og:image:type\" content=\"image\/gif\" \/>\n<meta name=\"twitter:card\" content=\"summary_large_image\" \/>\n<meta name=\"twitter:label1\" content=\"Est. reading time\" \/>\n\t<meta name=\"twitter:data1\" content=\"1 minute\" \/>\n<script type=\"application\/ld+json\" class=\"yoast-schema-graph\">{\"@context\":\"https:\\\/\\\/schema.org\",\"@graph\":[{\"@type\":\"WebPage\",\"@id\":\"https:\\\/\\\/statbun.com\\\/en\\\/subscribe-to-the-newsletter\\\/\",\"url\":\"https:\\\/\\\/statbun.com\\\/en\\\/subscribe-to-the-newsletter\\\/\",\"name\":\"Subscribe to the newsletter - StatBun\",\"isPartOf\":{\"@id\":\"https:\\\/\\\/statbun.com\\\/en\\\/#website\"},\"primaryImageOfPage\":{\"@id\":\"https:\\\/\\\/statbun.com\\\/en\\\/subscribe-to-the-newsletter\\\/#primaryimage\"},\"image\":{\"@id\":\"https:\\\/\\\/statbun.com\\\/en\\\/subscribe-to-the-newsletter\\\/#primaryimage\"},\"thumbnailUrl\":\"https:\\\/\\\/statbun.com\\\/wp-content\\\/uploads\\\/2024\\\/06\\\/statbun.7f537881-1.gif\",\"datePublished\":\"2024-06-26T03:48:16+00:00\",\"dateModified\":\"2026-02-23T07:02:55+00:00\",\"breadcrumb\":{\"@id\":\"https:\\\/\\\/statbun.com\\\/en\\\/subscribe-to-the-newsletter\\\/#breadcrumb\"},\"inLanguage\":\"en-US\",\"potentialAction\":[{\"@type\":\"ReadAction\",\"target\":[\"https:\\\/\\\/statbun.com\\\/en\\\/subscribe-to-the-newsletter\\\/\"]}]},{\"@type\":\"ImageObject\",\"inLanguage\":\"en-US\",\"@id\":\"https:\\\/\\\/statbun.com\\\/en\\\/subscribe-to-the-newsletter\\\/#primaryimage\",\"url\":\"https:\\\/\\\/statbun.com\\\/wp-content\\\/uploads\\\/2024\\\/06\\\/statbun.7f537881-1.gif\",\"contentUrl\":\"https:\\\/\\\/statbun.com\\\/wp-content\\\/uploads\\\/2024\\\/06\\\/statbun.7f537881-1.gif\"},{\"@type\":\"BreadcrumbList\",\"@id\":\"https:\\\/\\\/statbun.com\\\/en\\\/subscribe-to-the-newsletter\\\/#breadcrumb\",\"itemListElement\":[{\"@type\":\"ListItem\",\"position\":1,\"name\":\"Etusivu\",\"item\":\"https:\\\/\\\/statbun.com\\\/en\\\/\"},{\"@type\":\"ListItem\",\"position\":2,\"name\":\"Subscribe to the newsletter\"}]},{\"@type\":\"WebSite\",\"@id\":\"https:\\\/\\\/statbun.com\\\/en\\\/#website\",\"url\":\"https:\\\/\\\/statbun.com\\\/en\\\/\",\"name\":\"StatBun\",\"description\":\"\u00c4lykk\u00e4\u00e4mpi liiketoiminta. Parempi suorituskyky.\",\"publisher\":{\"@id\":\"https:\\\/\\\/statbun.com\\\/en\\\/#organization\"},\"potentialAction\":[{\"@type\":\"SearchAction\",\"target\":{\"@type\":\"EntryPoint\",\"urlTemplate\":\"https:\\\/\\\/statbun.com\\\/en\\\/?s={search_term_string}\"},\"query-input\":{\"@type\":\"PropertyValueSpecification\",\"valueRequired\":true,\"valueName\":\"search_term_string\"}}],\"inLanguage\":\"en-US\"},{\"@type\":\"Organization\",\"@id\":\"https:\\\/\\\/statbun.com\\\/en\\\/#organization\",\"name\":\"StatBun\",\"url\":\"https:\\\/\\\/statbun.com\\\/en\\\/\",\"logo\":{\"@type\":\"ImageObject\",\"inLanguage\":\"en-US\",\"@id\":\"https:\\\/\\\/statbun.com\\\/en\\\/#\\\/schema\\\/logo\\\/image\\\/\",\"url\":\"https:\\\/\\\/statbun.com\\\/wp-content\\\/uploads\\\/2024\\\/08\\\/StatBun_logo_4.png\",\"contentUrl\":\"https:\\\/\\\/statbun.com\\\/wp-content\\\/uploads\\\/2024\\\/08\\\/StatBun_logo_4.png\",\"width\":209,\"height\":67,\"caption\":\"StatBun\"},\"image\":{\"@id\":\"https:\\\/\\\/statbun.com\\\/en\\\/#\\\/schema\\\/logo\\\/image\\\/\"},\"sameAs\":[\"https:\\\/\\\/www.facebook.com\\\/statbuncom\\\/\",\"https:\\\/\\\/www.instagram.com\\\/statbun\\\/\",\"https:\\\/\\\/www.linkedin.com\\\/company\\\/statbun\\\/\"]}]}<\/script>\n<!-- \/ Yoast SEO Premium plugin. -->","yoast_head_json":{"title":"Subscribe to the newsletter - StatBun","robots":{"index":"index","follow":"follow","max-snippet":"max-snippet:-1","max-image-preview":"max-image-preview:large","max-video-preview":"max-video-preview:-1"},"canonical":"https:\/\/statbun.com\/en\/subscribe-to-the-newsletter\/","og_locale":"en_US","og_type":"article","og_title":"Subscribe to the newsletter","og_description":"Be the first to know Our newsletter brings the latest product news to your inbox. We won&#8217;t fill your inbox with junk mail. Subscribe to the StatBun newsletter","og_url":"https:\/\/statbun.com\/en\/subscribe-to-the-newsletter\/","og_site_name":"StatBun","article_publisher":"https:\/\/www.facebook.com\/statbuncom\/","article_modified_time":"2026-02-23T07:02:55+00:00","og_image":[{"width":291,"height":301,"url":"https:\/\/statbun.com\/wp-content\/uploads\/2024\/06\/statbun.7f537881-1.gif","type":"image\/gif"}],"twitter_card":"summary_large_image","twitter_misc":{"Est. reading time":"1 minute"},"schema":{"@context":"https:\/\/schema.org","@graph":[{"@type":"WebPage","@id":"https:\/\/statbun.com\/en\/subscribe-to-the-newsletter\/","url":"https:\/\/statbun.com\/en\/subscribe-to-the-newsletter\/","name":"Subscribe to the newsletter - StatBun","isPartOf":{"@id":"https:\/\/statbun.com\/en\/#website"},"primaryImageOfPage":{"@id":"https:\/\/statbun.com\/en\/subscribe-to-the-newsletter\/#primaryimage"},"image":{"@id":"https:\/\/statbun.com\/en\/subscribe-to-the-newsletter\/#primaryimage"},"thumbnailUrl":"https:\/\/statbun.com\/wp-content\/uploads\/2024\/06\/statbun.7f537881-1.gif","datePublished":"2024-06-26T03:48:16+00:00","dateModified":"2026-02-23T07:02:55+00:00","breadcrumb":{"@id":"https:\/\/statbun.com\/en\/subscribe-to-the-newsletter\/#breadcrumb"},"inLanguage":"en-US","potentialAction":[{"@type":"ReadAction","target":["https:\/\/statbun.com\/en\/subscribe-to-the-newsletter\/"]}]},{"@type":"ImageObject","inLanguage":"en-US","@id":"https:\/\/statbun.com\/en\/subscribe-to-the-newsletter\/#primaryimage","url":"https:\/\/statbun.com\/wp-content\/uploads\/2024\/06\/statbun.7f537881-1.gif","contentUrl":"https:\/\/statbun.com\/wp-content\/uploads\/2024\/06\/statbun.7f537881-1.gif"},{"@type":"BreadcrumbList","@id":"https:\/\/statbun.com\/en\/subscribe-to-the-newsletter\/#breadcrumb","itemListElement":[{"@type":"ListItem","position":1,"name":"Etusivu","item":"https:\/\/statbun.com\/en\/"},{"@type":"ListItem","position":2,"name":"Subscribe to the newsletter"}]},{"@type":"WebSite","@id":"https:\/\/statbun.com\/en\/#website","url":"https:\/\/statbun.com\/en\/","name":"StatBun","description":"\u00c4lykk\u00e4\u00e4mpi liiketoiminta. Parempi suorituskyky.","publisher":{"@id":"https:\/\/statbun.com\/en\/#organization"},"potentialAction":[{"@type":"SearchAction","target":{"@type":"EntryPoint","urlTemplate":"https:\/\/statbun.com\/en\/?s={search_term_string}"},"query-input":{"@type":"PropertyValueSpecification","valueRequired":true,"valueName":"search_term_string"}}],"inLanguage":"en-US"},{"@type":"Organization","@id":"https:\/\/statbun.com\/en\/#organization","name":"StatBun","url":"https:\/\/statbun.com\/en\/","logo":{"@type":"ImageObject","inLanguage":"en-US","@id":"https:\/\/statbun.com\/en\/#\/schema\/logo\/image\/","url":"https:\/\/statbun.com\/wp-content\/uploads\/2024\/08\/StatBun_logo_4.png","contentUrl":"https:\/\/statbun.com\/wp-content\/uploads\/2024\/08\/StatBun_logo_4.png","width":209,"height":67,"caption":"StatBun"},"image":{"@id":"https:\/\/statbun.com\/en\/#\/schema\/logo\/image\/"},"sameAs":["https:\/\/www.facebook.com\/statbuncom\/","https:\/\/www.instagram.com\/statbun\/","https:\/\/www.linkedin.com\/company\/statbun\/"]}]}},"taxonomy_info":[],"featured_image_src_large":false,"author_info":{"display_name":"statbunv2","author_link":"https:\/\/statbun.com\/en\/author\/statbunv2\/"},"comment_info":0,"featured_image_src":null,"featured_image_src_square":null,"_links":{"self":[{"href":"https:\/\/statbun.com\/en\/wp-json\/wp\/v2\/pages\/947","targetHints":{"allow":["GET"]}}],"collection":[{"href":"https:\/\/statbun.com\/en\/wp-json\/wp\/v2\/pages"}],"about":[{"href":"https:\/\/statbun.com\/en\/wp-json\/wp\/v2\/types\/page"}],"author":[{"embeddable":true,"href":"https:\/\/statbun.com\/en\/wp-json\/wp\/v2\/users\/1"}],"replies":[{"embeddable":true,"href":"https:\/\/statbun.com\/en\/wp-json\/wp\/v2\/comments?post=947"}],"version-history":[{"count":0,"href":"https:\/\/statbun.com\/en\/wp-json\/wp\/v2\/pages\/947\/revisions"}],"wp:attachment":[{"href":"https:\/\/statbun.com\/en\/wp-json\/wp\/v2\/media?parent=947"}],"curies":[{"name":"wp","href":"https:\/\/api.w.org\/{rel}","templated":true}]}}